{"id":35,"date":"2020-02-25T14:34:43","date_gmt":"2020-02-25T13:34:43","guid":{"rendered":"https:\/\/trans-operation.de\/?page_id=35"},"modified":"2021-03-31T10:29:07","modified_gmt":"2021-03-31T08:29:07","slug":"datenschutz","status":"publish","type":"page","link":"https:\/\/trans-operation.de\/symposium2021\/datenschutz\/","title":{"rendered":"Datenschutz"},"content":{"rendered":"<p>Wir freuen uns, dass Sie die Webseiten des Symposiums Trans* 2021 besuchen und bedanken uns f\u00fcr Ihr Interesse an unserer Veranstaltung und unseren Webseiten. Diese Datenschutzerkl\u00e4rung gilt f\u00fcr die Webseite https:\/\/trans-operation.de\/symposium2021\/.<\/p>\n<h2>1. Allgemeine Informationen \u00fcber die Erhebung personenbezogener Daten<\/h2>\n<p><strong>a)<\/strong> Der Schutz Ihrer Privatsph\u00e4re bei der Nutzung unserer Webseiten ist uns sehr wichtig, dementsprechend verwenden wir Ihre personenbezogenen Daten in \u00dcbereinstimmung mit den gesetzlichen Vorschriften zum Datenschutz. Personenbezogene Daten sind alle Daten, die auf Sie pers\u00f6nlich beziehbar sind, z. B. Name, Adresse, E-Mail-Adresse, Nutzerverhalten. Nachfolgend informieren wir Sie dar\u00fcber, wie wir mit Ihren personenbezogenen Daten umgehen.<\/p>\n<p><strong>b)<\/strong> Verantwortlicher gem. \u00a7 4 Abs. 9 Kirchengesetz \u00fcber den Datenschutz der Evangelischen Kirche in Deutschland (DSG EKD) ist die:<\/p>\n<p>AGAPLESION FRANKFURTER DIAKONIE KLINIKEN gGmbH<br \/>\nGinnheimer Landstra\u00dfe 94<br \/>\n60487 Frankfurt am Main<br \/>\nT (069) 95 33 &#8211; 26 66<br \/>\nmarkus@fdk.info<\/p>\n<p>Unseren Datenschutzbeauftragten erreichen Sie unter datenschutz@fdk.info\u00a0oder der genannten Postadresse mit dem Zusatz &#8222;Der Datenschutzbeauftragte&#8220;.<\/p>\n<p><strong>c)<\/strong> Wenn Sie unter 16 Jahre alt sind, d\u00fcrfen Sie unsere Website nutzen. Sie d\u00fcrfen uns jedoch keine pers\u00f6nlichen Daten zur Verf\u00fcgung stellen. Diese Website ist nicht f\u00fcr Personen unter 16 Jahren konzipiert. Wir erfassen wissentlich keine pers\u00f6nlichen Daten von Personen unter 16 Jahren. Wenn wir bemerken, dass wir irrt\u00fcmlicherweise pers\u00f6nliche Daten von Besuchern erhalten haben, die j\u00fcnger als 16 Jahre alt sind, werden wir die betreffenden Daten l\u00f6schen. So k\u00f6nnen Sie sich beispielsweise nicht anmelden oder einen Newsletter abonnieren, es sei denn Sie haben eine Erlaubnis eines Elternteils\/Erziehungsberechtigten eingeholt und diese uns zur Verf\u00fcgung gestellt.<\/p>\n<h2>2. Erhebung personenbezogener Daten bei Besuch unserer Webseite<\/h2>\n<p><strong>a)<\/strong> Sie k\u00f6nnen unsere Webseite grunds\u00e4tzlich, ohne uns mitzuteilen wer Sie sind, besuchen. Wie bei nahezu allen Webseiten \u00fcblich sammelt der Server, auf dem sich unsere Webseite befindet (nachstehend &#8222;Webserver&#8220; genannt), automatisch Informationen von Ihnen, wenn Sie uns im Internet besuchen. Diese Daten sind f\u00fcr uns technisch erforderlich und gew\u00e4hrleisten die Stabilit\u00e4t und Sicherheit der Webseite.<\/p>\n<p>Der Webserver erkennt automatisch bestimmte personenbezogene Daten wie beispielsweise Ihre IP-Adresse, das Datum und die Uhrzeit, zu denen Sie auf unserer Seite sind, die von Ihnen auf unserer Webseite besuchten Seiten, die Webseite, auf der Sie zuvor waren, den von Ihnen verwendeten Browser (z. B. Internet Explorer, Firefox, Safari), das von Ihnen verwendete Betriebssystem (z. B. Windows, Linux, MAC OS) sowie den Domainnamen und die Adresse Ihres Internet-Providers (z. B. 1&amp;1, Telekom, Unitymedia).<\/p>\n<p>Die Speicherung in Logfiles erfolgt, um die Funktionsf\u00e4higkeit der Website sicherzustellen. Wir werten diese Server-Protokolle regelm\u00e4\u00dfig anonym f\u00fcr statistische Zwecke aus (Click Stream Analysen), damit wir feststellen k\u00f6nnen, wie unsere Webseiten genutzt werden. Auf Grundlage dieser Erkenntnisse optimieren wir dann unseren Internetauftritt.<br \/>\nAu\u00dferdem k\u00f6nnen wir diese Informationen im Falle eines Systemmissbrauchs in Zusammenarbeit mit Ihrem Internet-Provider und\/oder Beh\u00f6rden vor Ort verwenden, um den Verursacher dieses Missbrauchs zu ermitteln. In diesen Zwecken liegt auch unser berechtigtes Interesse an der Datenverarbeitung nach \u00a7 6 Nr. 8 DSG EKD.<\/p>\n<p><strong>Dauer der Speicherung und Widerspruchsm\u00f6glichkeit<br \/>\n<\/strong>Die Daten werden gel\u00f6scht, sobald sie f\u00fcr die Erreichung des Zweckes ihrer Erhebung nicht mehr erforderlich sind. Im Falle der Erfassung der Daten zur Bereitstellung der Website ist dies der Fall, wenn die jeweilige Sitzung beendet ist. Im Falle der Speicherung der Daten in Logfiles ist dies nach sp\u00e4testens sieben Monaten der Fall. Eine dar\u00fcberhinausgehende Speicherung ist m\u00f6glich. In diesem Fall werden die IP-Adressen der Nutzer gel\u00f6scht oder verfremdet, sodass eine Zuordnung des aufrufenden Clients nicht mehr m\u00f6glich ist. Die Erfassung der Daten zur Bereitstellung der Website und die Speicherung der Daten in Logfiles ist f\u00fcr den Betrieb der Internetseite zwingend erforderlich. Es besteht folglich seitens des Nutzers keine Widerspruchsm\u00f6glichkeit.<\/p>\n<p><strong>b)<\/strong> Sie k\u00f6nnen unsere Website grunds\u00e4tzlich nutzen, ohne dass Cookies gesetzt werden, weder von uns selbst noch von Dritten.<\/p>\n<p><strong>c)<\/strong> Kontaktaufnahme<\/p>\n<p>Bei ihrer Kontaktaufnahme mit uns \u00fcber die bereitgestellte E-Mail-Adresse werden die von Ihnen mitgeteilten personenbezogenen Daten (Ihre E-Mail-Adresse, ggf. Ihr Name und Ihre Telefonnummer) von uns gespeichert, um Ihre Fragen zu beantworten. Es erfolgt in diesem Zusammenhang keine Weitergabe der Daten an Dritte. Die Daten werden ausschlie\u00dflich f\u00fcr die Bearbeitung ihrer Anfrage an uns verwendet. Rechtsgrundlage f\u00fcr die Verarbeitung der Daten bei \u00dcbersendung einer E-Mail an uns ist \u00a7 6 Nr. 8 DSG EKD<\/p>\n<p><strong>Dauer der Speicherung, Widerspruchsm\u00f6glichkeit<br \/>\n<\/strong>Die in diesem Zusammenhang anfallenden Daten l\u00f6schen wir, nachdem die Speicherung nicht mehr erforderlich ist, oder schr\u00e4nken die Verarbeitung ein, falls gesetzliche Aufbewahrungsfristen bestehen. Sie haben jederzeit die M\u00f6glichkeit, ihre Einwilligung zur Verarbeitung der personenbezogenen Daten zu widerrufen. Nehmen Sie per E-Mail Kontakt mit uns auf, so k\u00f6nnen Sie der Speicherung ihrer personenbezogenen Daten jederzeit widersprechen. In einem solchen Fall kann die Konversation nicht fortgef\u00fchrt werden.<\/p>\n<p><strong>d)<\/strong> Kurs-\/Veranstaltungsbuchungen<\/p>\n<p>Eine Speicherung und Verarbeitung der personenbezogenen Daten (bspw. Ihre E-Mail-Adresse, ggf. Ihr Name, Ihre Adresse und Ihre Telefonnummer) der Teilnehmer\/innen erfolgt nur zum Zwecke der Veranstaltungsabwicklung, ggf. zum Zwecke der Rechnungsstellung und -abwicklung sowie zur Ausstellung von Zertifikaten und Bescheinigung (z.B. \u00fcber Fortbildungsteilnahme). Die AGAPLESION FRANKFURTER DIAKONIE KLINIKEN gGmbH verpflichtet sich, personenbezogene Daten dar\u00fcber hinaus nicht an Dritte weiterzuleiten.<\/p>\n<p>Rechtsgrundlage f\u00fcr die Verarbeitung der Daten f\u00fcr eine Kursbuchung durch Sie ist bei Vorliegen einer Einwilligung \u00a7 6 Abs. 2 DSG EKD. Entsteht bei der Kursbuchung ein Vertrag, so ist zus\u00e4tzliche Rechtsgrundlage f\u00fcr die Verarbeitung der Daten \u00a7 6 Abs. 5 DSG EKD.<\/p>\n<p><strong>Dauer der Speicherung, Widerspruchsm\u00f6glichkeit<\/strong><br \/>\nDie Daten werden gel\u00f6scht, sobald sie f\u00fcr die Erreichung des Zweckes ihrer Erhebung nicht mehr erforderlich sind. Dies bei Kursbuchungen ohne Vertrag der Fall, wenn der Kurs abgeschlossen ist. Bei Erf\u00fcllung eines Vertrags erfolgt die L\u00f6schung, wenn die Daten f\u00fcr die Durchf\u00fchrung des Vertrages nicht mehr erforderlich sind. Auch nach Abschluss des Vertrags kann eine Erforderlichkeit, personenbezogene Daten von Ihnen zu speichern, bestehen, um vertraglichen oder gesetzlichen Verpflichtungen nachzukommen. Sie haben jederzeit die M\u00f6glichkeit, die Kursbuchung \u00fcber eine Kontaktaufnahme zu uns zu stornieren. Die \u00fcber Sie gespeicherten Daten k\u00f6nnen Sie jederzeit ab\u00e4ndern lassen. Sind die Daten zur Erf\u00fcllung eines Vertrages erforderlich, ist eine vorzeitige L\u00f6schung der Daten nur m\u00f6glich, soweit nicht vertragliche oder gesetzliche Verpflichtungen einer L\u00f6schung entgegenstehen.<\/p>\n<h2>3. Automatische Entscheidungsfindung einschlie\u00dflich Profiling<\/h2>\n<p>Es wird keine automatische Entscheidungsfindung, welche ausschlie\u00dflich auf einer automatisierten Verarbeitung beruht, einschlie\u00dflich Profiling, und eine rechtliche Wirkung entfaltet oder Sie in \u00e4hnlicher Weise beeintr\u00e4chtigt, durchgef\u00fchrt.<\/p>\n<h2>4. Ihre Rechte<\/h2>\n<p>Nach den Vorschriften des DSG EKD k\u00f6nnen Sie uns gegen\u00fcber folgende Rechte geltend machen:<\/p>\n<ul>\n<li>Recht auf Auskunft<\/li>\n<li>Recht auf Berichtigung<\/li>\n<li>Recht auf Einschr\u00e4nkung der Verarbeitung<\/li>\n<li>Recht auf L\u00f6schung \/ Recht auf Vergessenwerden<\/li>\n<li>Recht auf Daten\u00fcbertragbarkeit<\/li>\n<li>Widerspruchsrecht<\/li>\n<\/ul>\n<p>Sofern die Verarbeitung Ihrer personenbezogenen Daten auf Ihrer Einwilligung beruht, haben Sie jederzeit das Recht Ihre Einwilligung, mit Wirkung f\u00fcr die Zukunft, zu widerrufen. Die Rechtm\u00e4\u00dfigkeit der aufgrund der Einwilligung bis zum Widerruf erfolgten Verarbeitung bleibt unber\u00fchrt.<\/p>\n<p>Um eines Ihrer oben aufgef\u00fchrten Rechte geltend zu machen, k\u00f6nnen Sie sich jederzeit an den Datenschutzbeauftragten wenden:<\/p>\n<p>datenschutz@fdk.info<\/p>\n<p>Sollten Sie der Auffassung sein, dass wir Ihre personenbezogenen Daten in unzul\u00e4ssiger Weise verarbeiten, kontaktieren Sie uns bitte unter:<\/p>\n<p>AGAPLESION FRANKFURTER DIAKONIE KLINIKEN gGmbH<br \/>\nGinnheimer Landstra\u00dfe 94<br \/>\n60487 Frankfurt am Main<br \/>\nT (069) 95 33 &#8211; 26 66<br \/>\nmarkus@fdk.info<\/p>\n<p>Sie haben zudem das Recht sich an die Datenschutzaufsichtsbeh\u00f6rde zu wenden. Die zust\u00e4ndige Aufsichtsbeh\u00f6rde ist:<\/p>\n<p>Beauftragte f\u00fcr den Datenschutz der Evangelischen Kirche in Deutschland f\u00fcr die Datenschutzregion Mitte-West Au\u00dfenstelle Dortmund<br \/>\nFriedhof 4<br \/>\n44135 Dortmund<br \/>\nT (0231) 533 827-0<br \/>\nF (0231) 533 827-20<br \/>\nmitte-west@datenschutz.ekd.de<\/p>\n<h2>5. Ort der Datenverarbeitung<\/h2>\n<p>Die AGAPLESION FRANKFURTER DIAKONIE KLINIKEN gGmbH verarbeitet Ihre Daten ausschlie\u00dflich in Deutschland.<\/p>\n<h2>6. Weitergabe Ihrer personenbezogenen Daten<\/h2>\n<p>Wir \u00fcbermitteln Ihre personenbezogenen Daten nur dann an Dritte, wenn dies gesetzlich erlaubt ist oder Sie eingewilligt haben.<\/p>\n<h2>7. Sicherheitsma\u00dfnahmen<\/h2>\n<p>Soweit wir Daten im Rahmen der hier beschriebenen Leistungen an unsere Dienstleister weiterleiten, so sind diese zus\u00e4tzlich zu den zwingenden gesetzlichen Vorschriften an vertragliche Vorgaben mit uns zum Thema Datenschutz gebunden.<\/p>\n<p>Wir setzen Sicherheitsma\u00dfnahmen ein, die wir gem\u00e4\u00df der technischen und gesetzlichen Entwicklung kontinuierlich optimieren, um Ihre Daten gegen zuf\u00e4llige oder vors\u00e4tzliche Manipulation, Verlust, Zerst\u00f6rung oder den Zugriff durch unberechtigte Dritte bestm\u00f6glich zu sch\u00fctzen.<\/p>\n<h2>8. Kontaktaufnahme<\/h2>\n<p>Falls Sie Fragen oder Anmerkungen zu dieser Datenschutz- und Cookie-Richtlinie haben kontaktieren Sie uns bitte \u00fcber die in dieser Erkl\u00e4rung angegebenen Kontaktdaten des Verantwortlichen (siehe Ziffer 1 oder 4).<\/p>\n<p>Die rasante Entwicklung des Internets macht von Zeit zu Zeit Anpassungen in unserer Datenschutzbestimmungen erforderlich. Sie werden an dieser Stelle \u00fcber die Neuerungen informiert.<\/p>\n<p>Stand: 30.03.2021<\/p>\n","protected":false},"excerpt":{"rendered":"<p>Wir freuen uns, dass Sie die Webseiten des Symposiums Trans* 2021 besuchen und bedanken uns f\u00fcr Ihr Interesse an unserer Veranstaltung und unseren Webseiten. Diese Datenschutzerkl\u00e4rung gilt f\u00fcr die Webseite https:\/\/trans-operation.de\/symposium2021\/. 1. Allgemeine Informationen \u00fcber die Erhebung personenbezogener Daten a) Der Schutz Ihrer Privatsph\u00e4re bei der Nutzung unserer Webseiten ist uns sehr wichtig, dementsprechend verwenden [&hellip;]<\/p>\n","protected":false},"author":2,"featured_media":0,"parent":0,"menu_order":101,"comment_status":"closed","ping_status":"closed","template":"","meta":[],"acf":[],"_links":{"self":[{"href":"https:\/\/trans-operation.de\/symposium2021\/wp-json\/wp\/v2\/pages\/35"}],"collection":[{"href":"https:\/\/trans-operation.de\/symposium2021\/wp-json\/wp\/v2\/pages"}],"about":[{"href":"https:\/\/trans-operation.de\/symposium2021\/wp-json\/wp\/v2\/types\/page"}],"author":[{"embeddable":true,"href":"https:\/\/trans-operation.de\/symposium2021\/wp-json\/wp\/v2\/users\/2"}],"replies":[{"embeddable":true,"href":"https:\/\/trans-operation.de\/symposium2021\/wp-json\/wp\/v2\/comments?post=35"}],"version-history":[{"count":5,"href":"https:\/\/trans-operation.de\/symposium2021\/wp-json\/wp\/v2\/pages\/35\/revisions"}],"predecessor-version":[{"id":336,"href":"https:\/\/trans-operation.de\/symposium2021\/wp-json\/wp\/v2\/pages\/35\/revisions\/336"}],"wp:attachment":[{"href":"https:\/\/trans-operation.de\/symposium2021\/wp-json\/wp\/v2\/media?parent=35"}],"curies":[{"name":"wp","href":"https:\/\/api.w.org\/{rel}","templated":true}]}}