{"id":26,"date":"2020-02-25T14:32:51","date_gmt":"2020-02-25T13:32:51","guid":{"rendered":"https:\/\/trans-operation.de\/?page_id=26"},"modified":"2021-03-30T19:16:56","modified_gmt":"2021-03-30T17:16:56","slug":"anmeldung","status":"publish","type":"page","link":"https:\/\/trans-operation.de\/symposium2021\/anmeldung\/","title":{"rendered":"Anmeldung"},"content":{"rendered":"<h2>Informationen<\/h2>\n<p>Die Veranstaltung ist f\u00fcr Teilnehmerinnen und Teilnehmer kostenfrei. Um Ihnen jedoch den Zugangslink f\u00fcr die Zoom-Veranstaltung zuschicken zu k\u00f6nnen, ist die vorherige Anmeldung \u00fcber das <span class=\"trnop_formPosTxt\">Formular<\/span> zwingend notwendig.<\/p>\n<p class=\"trnop_registerEnd\"><strong>Leider ist keine Anmeldung mehr m\u00f6glich,<br> da die Anmeldefrist abgelaufen ist.<\/strong><\/p>\n<h2>Ihre Ansprechpartnerin<\/h2>\n<p>F\u00fcr organisatorische Fragen steht Ihnen <strong>Susanne Hachenberg<\/strong> unter den<br \/>\nfolgenden Kontaktdaten zur Verf\u00fcgung:<\/p>\n<p>AGAPLESION MARKUS KRANKENHAUS<br \/>\nKlinik f\u00fcr Plastische und \u00c4sthetische Chirurgie,<br \/>\nWiederherstellungs- und Handchirurgie<\/p>\n<p>T (069) 95 33 &#8211; 47 77<br \/>\nF (069) 95 33 &#8211; 47 49<\/p>\n<p><a href=\"mailto:susanne.hachenberg@fdk.info\">susanne.hachenberg@fdk.info<\/a><\/p>\n<h2>Fortbildung<\/h2>\n<p>Die Veranstaltung wird von der Landes\u00e4rztekammer Hessen anerkannt. Es wurden <strong>7 Fortbildungspunkte<\/strong> vergeben.<\/p>\n<h2>Interessenskonflikt<\/h2>\n<p>Die Inhalte dieser Veranstaltung werden produkt- und dienstleistungsneutral gestaltet. Wir best\u00e4tigen, dass die wissenschaftliche Leitung und die Referenten potentielle Interessenkonflikte gegen\u00fcber den Teilnehmern offenlegen.<\/p>\n","protected":false},"excerpt":{"rendered":"<p>Informationen Die Veranstaltung ist f\u00fcr Teilnehmerinnen und Teilnehmer kostenfrei. Um Ihnen jedoch den Zugangslink f\u00fcr die Zoom-Veranstaltung zuschicken zu k\u00f6nnen, ist die vorherige Anmeldung \u00fcber das Formular zwingend notwendig. Leider ist keine Anmeldung mehr m\u00f6glich, da die Anmeldefrist abgelaufen ist. Ihre Ansprechpartnerin F\u00fcr organisatorische Fragen steht Ihnen Susanne Hachenberg unter den folgenden Kontaktdaten zur Verf\u00fcgung: [&hellip;]<\/p>\n","protected":false},"author":2,"featured_media":0,"parent":0,"menu_order":60,"comment_status":"closed","ping_status":"closed","template":"","meta":[],"acf":[],"_links":{"self":[{"href":"https:\/\/trans-operation.de\/symposium2021\/wp-json\/wp\/v2\/pages\/26"}],"collection":[{"href":"https:\/\/trans-operation.de\/symposium2021\/wp-json\/wp\/v2\/pages"}],"about":[{"href":"https:\/\/trans-operation.de\/symposium2021\/wp-json\/wp\/v2\/types\/page"}],"author":[{"embeddable":true,"href":"https:\/\/trans-operation.de\/symposium2021\/wp-json\/wp\/v2\/users\/2"}],"replies":[{"embeddable":true,"href":"https:\/\/trans-operation.de\/symposium2021\/wp-json\/wp\/v2\/comments?post=26"}],"version-history":[{"count":21,"href":"https:\/\/trans-operation.de\/symposium2021\/wp-json\/wp\/v2\/pages\/26\/revisions"}],"predecessor-version":[{"id":331,"href":"https:\/\/trans-operation.de\/symposium2021\/wp-json\/wp\/v2\/pages\/26\/revisions\/331"}],"wp:attachment":[{"href":"https:\/\/trans-operation.de\/symposium2021\/wp-json\/wp\/v2\/media?parent=26"}],"curies":[{"name":"wp","href":"https:\/\/api.w.org\/{rel}","templated":true}]}}